{"id":152,"date":"2013-07-03T14:58:21","date_gmt":"2013-07-03T12:58:21","guid":{"rendered":"https:\/\/drytronic.downfight.org\/?page_id=152"},"modified":"2013-07-16T17:12:52","modified_gmt":"2013-07-16T15:12:52","slug":"installationsbeispiel","status":"publish","type":"page","link":"https:\/\/drytronic.de\/en\/installationsbeispiel\/","title":{"rendered":"Installations"},"content":{"rendered":"<p><strong>1. Beispiel Jugendhauskeller &#8211; der H\u00e4rtefall<\/strong><br \/>\nMan sieht eine in die Jahre gekommene Steinmauer mit stark durchfeuchteten Fugen, welche die Diffusion von Wasser nicht mehr aufhalten kann. Der Keller ist richtig nass.<br \/>\n<img loading=\"lazy\" decoding=\"async\" class=\"aligncenter size-full wp-image-262\" alt=\"erfolg2_1\" src=\"https:\/\/www.drytronic.de\/wp-content\/uploads\/2013\/07\/erfolg2_1.png\" width=\"479\" height=\"303\" srcset=\"https:\/\/drytronic.de\/en\/wp-content\/uploads\/2013\/07\/erfolg2_1.png 479w, https:\/\/drytronic.de\/en\/wp-content\/uploads\/2013\/07\/erfolg2_1-300x189.png 300w\" sizes=\"auto, (max-width: 479px) 100vw, 479px\" \/><\/p>\n<p>Nach der Installation startet die Trocknung.<br \/>\nUnter diesem Putz sind 50 Elektroden installiert. Der spezielle Putz dient zur Effizienzsteigerung, zum Einsparen von Elektroden und damit als Basis f\u00fcr eine homogenere Trocknung der Zwischenfugen. Die runden wei\u00dfen Stellen sind Unterputzdosen, f\u00fcr die sachgerechte und ordentliche Kabelverteilung. Beim Pfeil sieht man eine gro\u00dfe Salzbl\u00fcte, da w\u00e4hrend des Trocknungsvorganges mit Drytronic&reg; das Salz komplett durch den Putz gezogen kristalliert nicht, wie sonst \u00fcblich, zwischen Wand und Putz aus. Das schont Mauerwerk und Putz. Salzbl\u00fcten im Putz k\u00f6nnen mechanische Spannungen verursachen, welche Putz abplatzen lassen.<br \/>\n<a href=\"https:\/\/www.drytronic.de\/wp-content\/uploads\/2013\/07\/erfolg2_31.png\"><img decoding=\"async\" src=\"https:\/\/www.drytronic.de\/wp-content\/uploads\/2013\/07\/erfolg2_31.png\" alt=\"erfolg2_3\" \/><\/a><\/p>\n<p>Das Ergebnis: Die restlichen dunkleren Stellen sind harmlose Schattierungen im Putz, keine Feuchtigkeit. Drytronic&reg; h\u00e4lt den Diffusionsprozess von Wasser in Richtung Innenraum auf. Auch um den Hilfsputz herum entstand ein absolut trockenes Mauerwerk &#8211; f\u00fcr unseren sehr zufriedenen Kunden mit fortan trockenem Keller.<br \/>\n<img loading=\"lazy\" decoding=\"async\" class=\"aligncenter size-full wp-image-263\" alt=\"erfolg2_2\" src=\"https:\/\/www.drytronic.de\/wp-content\/uploads\/2013\/07\/erfolg2_2.png\" width=\"476\" height=\"327\" srcset=\"https:\/\/drytronic.de\/en\/wp-content\/uploads\/2013\/07\/erfolg2_2.png 476w, https:\/\/drytronic.de\/en\/wp-content\/uploads\/2013\/07\/erfolg2_2-300x206.png 300w\" sizes=\"auto, (max-width: 476px) 100vw, 476px\" \/><\/p>\n<p><strong>2. Beispiel Filmakademie<\/strong><br \/>\nFeuchtigkeit im Fundament. Das Wasser dr\u00fcckt herein. Mit der Installation von Drytronic&reg;, sieht man mit der Zeit die Verbesserung. Der zeitliche Verlauf wurde durch Kreidestriche markiert. Der Erfolg entsteht durch Trocknung und gleichzeitigem Ausschluss von weiterem Wassereintritt durch das Fundament.<br \/>\n<img loading=\"lazy\" decoding=\"async\" class=\"aligncenter size-full wp-image-256\" alt=\"erfolgsfortschritttrocknung\" src=\"https:\/\/www.drytronic.de\/wp-content\/uploads\/2013\/07\/erfolgsfortschritttrocknung.png\" width=\"708\" height=\"703\" srcset=\"https:\/\/drytronic.de\/en\/wp-content\/uploads\/2013\/07\/erfolgsfortschritttrocknung.png 708w, https:\/\/drytronic.de\/en\/wp-content\/uploads\/2013\/07\/erfolgsfortschritttrocknung-150x150.png 150w, https:\/\/drytronic.de\/en\/wp-content\/uploads\/2013\/07\/erfolgsfortschritttrocknung-300x297.png 300w\" sizes=\"auto, (max-width: 708px) 100vw, 708px\" \/><br \/>\nDie gesamten R\u00e4ume sind seit dem Jahr 2000 staubtrocken. Das wurde 2003 mit einem <a href=\"?p=112\" title=\"Endbericht Filmakademie Ludwigsburg Sanierungserfolg\">Langzeitgutachten<\/a> best\u00e4tigt. Diese Tatsache hat die Filmakademie Ludwigsburg vor dem Abriss bewahrt.<br \/>\n<img loading=\"lazy\" decoding=\"async\" class=\"aligncenter size-full wp-image-281\" alt=\"erfolgfortschritttrocken\" src=\"https:\/\/www.drytronic.de\/wp-content\/uploads\/2013\/07\/erfolgfortschritttrocken.png\" width=\"634\" height=\"470\" srcset=\"https:\/\/drytronic.de\/en\/wp-content\/uploads\/2013\/07\/erfolgfortschritttrocken.png 634w, https:\/\/drytronic.de\/en\/wp-content\/uploads\/2013\/07\/erfolgfortschritttrocken-300x222.png 300w\" sizes=\"auto, (max-width: 634px) 100vw, 634px\" \/><br \/>\n<img decoding=\"async\" src=\"\/wp-content\/uploads\/2013\/07\/trocken.jpg\" alt=\"\" \/><\/p>\n<p><strong>3. Beispiel in Kroatien<\/strong><\/p>\n<p>Nat\u00fcrlich muss man nicht immer Spezialputz verwenden. Meistens reicht es aus, Elektroden im vorhandenem Mauerwerk zu installieren: <a href=\"https:\/\/www.drytronic.de\/?p=303\" title=\"Das Projekt Lopar auf der Insel Rab, Republik Kroatien\">Das Projekt Lopar auf der Insel Rab, Republik Kroatien<\/a><\/p>\n","protected":false},"excerpt":{"rendered":"<p>1. Beispiel Jugendhauskeller &#8211; der H\u00e4rtefall Man sieht eine in die Jahre gekommene Steinmauer mit stark durchfeuchteten Fugen, welche die Diffusion von Wasser nicht mehr aufhalten kann. Der Keller ist richtig nass. Nach der Installation startet die Trocknung. Unter diesem &hellip;<\/p>\n<p class=\"read-more\"> <a class=\"more-link\" href=\"https:\/\/drytronic.de\/en\/installationsbeispiel\/\"> <span class=\"screen-reader-text\">Installations<\/span> Read More &raquo;<\/a><\/p>\n","protected":false},"author":2,"featured_media":0,"parent":0,"menu_order":4,"comment_status":"closed","ping_status":"open","template":"full-width-page.php","meta":{"footnotes":""},"class_list":["post-152","page","type-page","status-publish","hentry"],"_links":{"self":[{"href":"https:\/\/drytronic.de\/en\/wp-json\/wp\/v2\/pages\/152","targetHints":{"allow":["GET"]}}],"collection":[{"href":"https:\/\/drytronic.de\/en\/wp-json\/wp\/v2\/pages"}],"about":[{"href":"https:\/\/drytronic.de\/en\/wp-json\/wp\/v2\/types\/page"}],"author":[{"embeddable":true,"href":"https:\/\/drytronic.de\/en\/wp-json\/wp\/v2\/users\/2"}],"replies":[{"embeddable":true,"href":"https:\/\/drytronic.de\/en\/wp-json\/wp\/v2\/comments?post=152"}],"version-history":[{"count":53,"href":"https:\/\/drytronic.de\/en\/wp-json\/wp\/v2\/pages\/152\/revisions"}],"predecessor-version":[{"id":404,"href":"https:\/\/drytronic.de\/en\/wp-json\/wp\/v2\/pages\/152\/revisions\/404"}],"wp:attachment":[{"href":"https:\/\/drytronic.de\/en\/wp-json\/wp\/v2\/media?parent=152"}],"curies":[{"name":"wp","href":"https:\/\/api.w.org\/{rel}","templated":true}]}}