{"id":96,"date":"2013-07-03T13:15:56","date_gmt":"2013-07-03T11:15:56","guid":{"rendered":"https:\/\/drytronic.downfight.org\/?page_id=96"},"modified":"2018-05-29T14:50:11","modified_gmt":"2018-05-29T12:50:11","slug":"impressum","status":"publish","type":"page","link":"https:\/\/drytronic.de\/en\/impressum\/","title":{"rendered":"Imprint &#038; Privacy Policy"},"content":{"rendered":"<table style=\"border: 0px;\">\n<tbody>\n<tr>\n<td style=\"border: 0px;\">Global Assistance<br \/>\n\u2013 engineering office for process engineeringChristoph Schmidt<br \/>\nRappenbergstrasse 17<br \/>\n72119 Ammerbuch<br \/>\nGermanyTel.: +49 7073 2634<br \/>\nFax: +49 7073 7728<br \/>\nSkype: <a href=\"skype:dryman01?call\">dryman01<\/a><br \/>\nEmail: <a href=\"mailto:info@global-assistance.com\">info@global-assistance.com<\/a><\/p>\n<p>EU-TaxID: DE163548296<\/td>\n<td style=\"border: 0px;\"><img loading=\"lazy\" decoding=\"async\" class=\"alignnone size-medium wp-image-330\" src=\"https:\/\/www.drytronic.de\/wp-content\/uploads\/2013\/07\/chs-240x300.png\" alt=\"chs\" width=\"240\" height=\"300\" srcset=\"https:\/\/drytronic.de\/en\/wp-content\/uploads\/2013\/07\/chs-240x300.png 240w, https:\/\/drytronic.de\/en\/wp-content\/uploads\/2013\/07\/chs.png 372w\" sizes=\"auto, (max-width: 240px) 100vw, 240px\" \/><\/td>\n<\/tr>\n<\/tbody>\n<\/table>\n<p>Disclaimer: Global Assistance bzw. der Autor Christoph Schmidt ist als Dienstanbieter gem\u00e4\u00df \u00a7 7 Abs. 1 Telemediengesetz (\u201eTMG\u201c) nur f\u00fcr eigene Inhalte im Sinne des TMG verantwortlich. Global Assistance ist gem\u00e4\u00df \u00a7\u00a7 8-10 TMG als Dienstanbieter nicht verpflichtet, an Drytronic.de \u00fcbermittelte oder von Drytronic.de gespeicherte Informationen zu \u00fcberwachen oder nach Umst\u00e4nden zu forschen, die auf eine rechtswidrige T\u00e4tigkeit hinweisen. Verpflichtungen zur Entfernung oder Sperrung der Nutzung von Informationen nach den allgemeinen Gesetzen bleiben hiervon unber\u00fchrt.<\/p>\n<p style=\"font-weight: 400;\">Privacy Policy &#8211; Basic Information<\/p>\n<p style=\"font-weight: 400;\">Unless otherwise stated in the following, no personal data is collected, processed or used when using our websites.<\/p>\n<p style=\"font-weight: 400;\">We are not responsible nor can\u2019t be liable for necessary processing or access means, etc. by current hosting providers or third party open source web site software usage like WordPress including their plugins, like trackbacks or pingbacks or implemented video sources via YouTube, etc., we are not in control of.<\/p>\n","protected":false},"excerpt":{"rendered":"<p>Global Assistance \u2013 engineering office for process engineeringChristoph Schmidt Rappenbergstrasse 17 72119 Ammerbuch GermanyTel.: +49 7073 2634 Fax: +49 7073 7728 Skype: dryman01 Email: info@global-assistance.com EU-TaxID: DE163548296 Disclaimer: Global Assistance bzw. der Autor Christoph Schmidt ist als Dienstanbieter gem\u00e4\u00df \u00a7 &hellip;<\/p>\n<p class=\"read-more\"> <a class=\"more-link\" href=\"https:\/\/drytronic.de\/en\/impressum\/\"> <span class=\"screen-reader-text\">Imprint &#038; Privacy Policy<\/span> Read More &raquo;<\/a><\/p>\n","protected":false},"author":2,"featured_media":0,"parent":0,"menu_order":10,"comment_status":"closed","ping_status":"open","template":"full-width-page.php","meta":{"footnotes":""},"class_list":["post-96","page","type-page","status-publish","hentry"],"_links":{"self":[{"href":"https:\/\/drytronic.de\/en\/wp-json\/wp\/v2\/pages\/96","targetHints":{"allow":["GET"]}}],"collection":[{"href":"https:\/\/drytronic.de\/en\/wp-json\/wp\/v2\/pages"}],"about":[{"href":"https:\/\/drytronic.de\/en\/wp-json\/wp\/v2\/types\/page"}],"author":[{"embeddable":true,"href":"https:\/\/drytronic.de\/en\/wp-json\/wp\/v2\/users\/2"}],"replies":[{"embeddable":true,"href":"https:\/\/drytronic.de\/en\/wp-json\/wp\/v2\/comments?post=96"}],"version-history":[{"count":37,"href":"https:\/\/drytronic.de\/en\/wp-json\/wp\/v2\/pages\/96\/revisions"}],"predecessor-version":[{"id":589,"href":"https:\/\/drytronic.de\/en\/wp-json\/wp\/v2\/pages\/96\/revisions\/589"}],"wp:attachment":[{"href":"https:\/\/drytronic.de\/en\/wp-json\/wp\/v2\/media?parent=96"}],"curies":[{"name":"wp","href":"https:\/\/api.w.org\/{rel}","templated":true}]}}